{"id":11099,"date":"2024-10-17T13:12:19","date_gmt":"2024-10-17T13:12:19","guid":{"rendered":"https:\/\/prod.zbt.compositas.io\/institute\/departments\/commercial-services\/"},"modified":"2025-07-31T15:19:57","modified_gmt":"2025-07-31T15:19:57","slug":"commercial-services","status":"publish","type":"page","link":"https:\/\/staging.zbt.de\/en\/institute\/departments\/commercial-services\/","title":{"rendered":"Commercial services"},"content":{"rendered":"<section class=\"intro\">\n    <figure class=\"intro__figure\">\n                              <img loading=\"lazy\" decoding=\"async\" width=\"2560\" height=\"1708\" src=\"https:\/\/staging.zbt.de\/app\/uploads\/2024\/10\/jrf-gr-178-scaled.jpg\" class=\"intro__image\" alt=\"ZBT-Geb\u00e4ude\" srcset=\"https:\/\/staging.zbt.de\/app\/uploads\/2024\/10\/jrf-gr-178-scaled.jpg 2560w, https:\/\/staging.zbt.de\/app\/uploads\/2024\/10\/jrf-gr-178-300x200.jpg 300w, https:\/\/staging.zbt.de\/app\/uploads\/2024\/10\/jrf-gr-178-1024x683.jpg 1024w, https:\/\/staging.zbt.de\/app\/uploads\/2024\/10\/jrf-gr-178-768x512.jpg 768w, https:\/\/staging.zbt.de\/app\/uploads\/2024\/10\/jrf-gr-178-1536x1025.jpg 1536w, https:\/\/staging.zbt.de\/app\/uploads\/2024\/10\/jrf-gr-178-2048x1366.jpg 2048w, https:\/\/staging.zbt.de\/app\/uploads\/2024\/10\/jrf-gr-178-1320x881.jpg 1320w\" sizes=\"auto, (max-width: 2560px) 100vw, 2560px\" \/>\n        <div class=\"intro__overlay intro__overlay--transparent\">\n                    <\/div>\n            <\/figure>\n    <div class=\"intro__content\">\n        <h1 class=\"intro__heading\">Commercial services<\/h1>\n        <h4 class=\"intro__subheading\">The commercial services of the ZBT provide central support for the smooth running of our research and development projects. Under the leadership of Jonas Sudhoff, the teams ensure efficient processing in the areas of human resources management, controlling, accounting and purchasing. In addition, our science management and communications department ensures high quality in our research, supports scientific career development and coordinates our institute&#8217;s public relations work.  <\/h4>\n        <div class=\"intro__text\"><\/div>\n            <\/div>\n<\/section>\n<div class=\"contact-person contact-person--white\" dir=\"ltr\">\n        <div class=\"contact-person__content\" dir=\"ltr\">\n            <h3 class=\"contact-person__heading\">Team assistance<\/h3>\n            <div class=\"contact-person__text\"><p>The ZBT&#8217;s team assistants support the various departments in organisational and administrative matters, ensuring that daily work processes run smoothly.<\/p>\n<\/div>\n            <div class=\"flex flex-col gap-1\">\n                <div class=\"contact-person__name\">\n                    Jennifer Noga\n                <\/div>\n                            <\/div>\n            <div class=\"flex flex-col gap-2\">\n                <div class=\"flex flex-row items-center gap-2\">\n                    <i><svg class=\"w-4 h-4\" xmlns=\"http:\/\/www.w3.org\/2000\/svg\" fill=\"currentColor\" viewBox=\"0 0 512 512\"><path d=\"M375.8 275.2c-16.4-7-35.4-2.4-46.7 11.4l-33.2 40.6c-46-26.7-84.4-65.1-111.1-111.1L225.3 183c13.8-11.3 18.5-30.3 11.4-46.7l-48-112C181.2 6.7 162.3-3.1 143.6 .9l-112 24C13.2 28.8 0 45.1 0 64v0C0 300.7 183.5 494.5 416 510.9c4.5 .3 9.1 .6 13.7 .8c0 0 0 0 0 0c0 0 0 0 .1 0c6.1 .2 12.1 .4 18.3 .4l0 0c18.9 0 35.2-13.2 39.1-31.6l24-112c4-18.7-5.8-37.6-23.4-45.1l-112-48zM447.7 480C218.1 479.8 32 293.7 32 64v0 0 0 0 0 0 0 0 0 0 0 0 0 0 0 0 0 0 0 0 0 0 0 0c0-3.8 2.6-7 6.3-7.8l112-24c3.7-.8 7.5 1.2 9 4.7l48 112c1.4 3.3 .5 7.1-2.3 9.3l-40.6 33.2c-12.1 9.9-15.3 27.2-7.4 40.8c29.5 50.9 71.9 93.3 122.7 122.7c13.6 7.9 30.9 4.7 40.8-7.4l33.2-40.6c2.3-2.8 6.1-3.7 9.3-2.3l112 48c3.5 1.5 5.5 5.3 4.7 9l-24 112c-.8 3.7-4.1 6.3-7.8 6.3c-.1 0-.2 0-.3 0z\"\/><\/svg><\/i>\n                    <span class=\"contact-person__phone\">+49 203 7598-3355<\/span>\n                <\/div>\n                <div class=\"flex flex-row items-center gap-2\">\n                    <i><svg class=\"w-4 h-4\" xmlns=\"http:\/\/www.w3.org\/2000\/svg\" fill=\"currentColor\" viewBox=\"0 0 640 512\"><!--!Font Awesome Pro 6.7.2 by @fontawesome - https:\/\/fontawesome.com License - https:\/\/fontawesome.com\/license (Commercial License) Copyright 2024 Fonticons, Inc.--><path d=\"M96 384l32-16 96-48 160 0 32 0 0-32 0-256 0-32L384 0 32 0 0 0 0 32 0 288l0 32 32 0 32 0 32 0 0 28.2 0 3.8 0 32zm113.7-92.6L128 332.2l0-12.2 0-32-32 0-64 0L32 32l352 0 0 256-160 0-7.6 0-6.8 3.4zM256 448l32 0 128 0 96 48 32 16 0-32 0-3.8 0-28.2 32 0 32 0 32 0 0-32 0-256 0-32-32 0-160 0 0 32 160 0 0 256-64 0-32 0 0 32 0 12.2-81.7-40.8-6.8-3.4-7.6 0-128 0 0-64-32 0 0 64 0 32z\"\/><\/svg><\/i>\n                    <span class=\"contact-person__email\">\n                        <a href=\"mailto:j.noga@zbt.de\">j.noga@zbt.de<\/a>\n                    <\/span>\n                <\/div>\n            <\/div>\n        <\/div>\n        <figure class=\"contact-person__figure\">\n            <img loading=\"lazy\" decoding=\"async\" width=\"1024\" height=\"684\" src=\"https:\/\/staging.zbt.de\/app\/uploads\/2024\/07\/Noga-Jennifer-1024x684.jpg\" class=\"contact-person__image\" alt=\"Portr\u00e4t von Jennifer Noga.\" srcset=\"https:\/\/staging.zbt.de\/app\/uploads\/2024\/07\/Noga-Jennifer-1024x684.jpg 1024w, https:\/\/staging.zbt.de\/app\/uploads\/2024\/07\/Noga-Jennifer-300x200.jpg 300w, https:\/\/staging.zbt.de\/app\/uploads\/2024\/07\/Noga-Jennifer-768x513.jpg 768w, https:\/\/staging.zbt.de\/app\/uploads\/2024\/07\/Noga-Jennifer-1536x1025.jpg 1536w, https:\/\/staging.zbt.de\/app\/uploads\/2024\/07\/Noga-Jennifer-2048x1367.jpg 2048w, https:\/\/staging.zbt.de\/app\/uploads\/2024\/07\/Noga-Jennifer-1320x881.jpg 1320w\" sizes=\"auto, (max-width: 1024px) 100vw, 1024px\" \/>\n                                    <a href=\"mailto:j.noga@zbt.de\" target=\"_self\" class=\"contact-person__link\">\n              <div\n                  class=\"flex contact-person__overlay contact-person__overlay--blue\">\n                                <\/div>\n            <\/a>\n        <\/figure>\n    <\/div>\n<section class=\"teaser-grid teaser-grid--white\"\n    dir=\"rtl\">\n    <div class=\"teaser-grid__content\" dir=\"ltr\">\n        <h2 class=\"teaser-grid__heading\">Accounting<\/h2>\n        <div class=\"teaser-grid__text\"><p>The ZBT&#8217;s accounting department is responsible for careful financial management, ensuring that all financial transactions are handled transparently and that legal requirements are met.<\/p>\n<p>Marijke Mohr<br \/>\n+49 203 7598-3343<\/p>\n<\/div>\n    <\/div>\n    <figure class=\"teaser-grid__figure\" dir=\"ltr\">\n                                <img loading=\"lazy\" decoding=\"async\" width=\"1500\" height=\"1000\" src=\"https:\/\/staging.zbt.de\/app\/uploads\/2019\/05\/BT_Duisburg_43-1.jpg\" class=\"teaser-grid__image\" alt=\"\" srcset=\"https:\/\/staging.zbt.de\/app\/uploads\/2019\/05\/BT_Duisburg_43-1.jpg 1500w, https:\/\/staging.zbt.de\/app\/uploads\/2019\/05\/BT_Duisburg_43-1-300x200.jpg 300w, https:\/\/staging.zbt.de\/app\/uploads\/2019\/05\/BT_Duisburg_43-1-1024x683.jpg 1024w, https:\/\/staging.zbt.de\/app\/uploads\/2019\/05\/BT_Duisburg_43-1-768x512.jpg 768w, https:\/\/staging.zbt.de\/app\/uploads\/2019\/05\/BT_Duisburg_43-1-1320x880.jpg 1320w\" sizes=\"auto, (max-width: 1500px) 100vw, 1500px\" \/>\n        <div class=\"flex teaser-grid__overlay teaser-grid__overlay--blue\">\n                    <\/div>\n            <\/figure>\n<\/section>\n<section class=\"teaser-grid teaser-grid--dark\"\n    dir=\"ltr\">\n    <div class=\"teaser-grid__content\" dir=\"ltr\">\n        <h2 class=\"teaser-grid__heading\">Purchasing<\/h2>\n        <div class=\"teaser-grid__text\"><p>The ZBT&#8217;s purchasing department ensures the efficient procurement of materials and services in order to optimally meet research and development needs and guarantee smooth project implementation.<\/p>\n<p>Natalia Eydelnant<br \/>\n+49 203 7598-3353<\/p>\n<p>Tim Szuszies<br \/>\n+49 203 7598-3348<\/p>\n<\/div>\n    <\/div>\n    <figure class=\"teaser-grid__figure\" dir=\"ltr\">\n                                <img loading=\"lazy\" decoding=\"async\" width=\"1500\" height=\"1000\" src=\"https:\/\/staging.zbt.de\/app\/uploads\/2024\/08\/zbt-gebaeude-taz.jpg\" class=\"teaser-grid__image\" alt=\"Die beiden Institutsgeb\u00e4ude des ZBT - Zentrum f\u00fcr BrennstoffzellenTechnik in Duisburg\" srcset=\"https:\/\/staging.zbt.de\/app\/uploads\/2024\/08\/zbt-gebaeude-taz.jpg 1500w, https:\/\/staging.zbt.de\/app\/uploads\/2024\/08\/zbt-gebaeude-taz-300x200.jpg 300w, https:\/\/staging.zbt.de\/app\/uploads\/2024\/08\/zbt-gebaeude-taz-1024x683.jpg 1024w, https:\/\/staging.zbt.de\/app\/uploads\/2024\/08\/zbt-gebaeude-taz-768x512.jpg 768w, https:\/\/staging.zbt.de\/app\/uploads\/2024\/08\/zbt-gebaeude-taz-1320x880.jpg 1320w\" sizes=\"auto, (max-width: 1500px) 100vw, 1500px\" \/>\n        <div class=\"flex teaser-grid__overlay teaser-grid__overlay--blue\">\n                    <\/div>\n            <\/figure>\n<\/section>\n<section class=\"teaser-grid teaser-grid--dark\"\n    dir=\"rtl\">\n    <div class=\"teaser-grid__content\" dir=\"ltr\">\n        <h2 class=\"teaser-grid__heading\">Human Resources<\/h2>\n        <div class=\"teaser-grid__text\"><p>The ZBT Human Resources department is responsible for recruiting, supporting and developing employees, thereby laying the foundation for a productive and motivated working environment.<\/p>\n<p>Astrid Goischke<br \/>\nHead<br \/>\n+49 203 7598-3349<\/p>\n<p>Silke Brummer<br \/>\n+49 203 7598-3341<\/p>\n<p>Lydia Andres<br \/>\n+49 203 7598-3340<\/p>\n<\/div>\n    <\/div>\n    <figure class=\"teaser-grid__figure\" dir=\"ltr\">\n                                <img loading=\"lazy\" decoding=\"async\" width=\"2560\" height=\"1709\" src=\"https:\/\/staging.zbt.de\/app\/uploads\/2024\/10\/DSC_8311-3-scaled.jpg\" class=\"teaser-grid__image\" alt=\"\" srcset=\"https:\/\/staging.zbt.de\/app\/uploads\/2024\/10\/DSC_8311-3-scaled.jpg 2560w, https:\/\/staging.zbt.de\/app\/uploads\/2024\/10\/DSC_8311-3-300x200.jpg 300w, https:\/\/staging.zbt.de\/app\/uploads\/2024\/10\/DSC_8311-3-1024x684.jpg 1024w, https:\/\/staging.zbt.de\/app\/uploads\/2024\/10\/DSC_8311-3-768x513.jpg 768w, https:\/\/staging.zbt.de\/app\/uploads\/2024\/10\/DSC_8311-3-1536x1025.jpg 1536w, https:\/\/staging.zbt.de\/app\/uploads\/2024\/10\/DSC_8311-3-2048x1367.jpg 2048w, https:\/\/staging.zbt.de\/app\/uploads\/2024\/10\/DSC_8311-3-1320x881.jpg 1320w\" sizes=\"auto, (max-width: 2560px) 100vw, 2560px\" \/>\n        <div class=\"flex teaser-grid__overlay teaser-grid__overlay--blue\">\n                    <\/div>\n            <\/figure>\n<\/section>\n<section class=\"teaser-grid teaser-grid--white\"\n    dir=\"ltr\">\n    <div class=\"teaser-grid__content\" dir=\"ltr\">\n        <h2 class=\"teaser-grid__heading\">Project Controlling<\/h2>\n        <div class=\"teaser-grid__text\"><p>The ZBT&#8217;s Project Controlling department monitors the financial planning and implementation of projects, ensures that budgets are adhered to and supports targeted and efficient project management.<\/p>\n<p>Melanie Frey<br \/>\n+49 203 7598-3342<\/p>\n<p>Kathrin Back<br \/>\n+49 203 7598-3338<\/p>\n<\/div>\n    <\/div>\n    <figure class=\"teaser-grid__figure\" dir=\"ltr\">\n                                <img loading=\"lazy\" decoding=\"async\" width=\"2560\" height=\"1709\" src=\"https:\/\/staging.zbt.de\/app\/uploads\/2025\/05\/ZBT-Controlling-scaled.jpg\" class=\"teaser-grid__image\" alt=\"Zwei Mitarbeiterinnen neben dem ZBT-Geb\u00e4ude\" srcset=\"https:\/\/staging.zbt.de\/app\/uploads\/2025\/05\/ZBT-Controlling-scaled.jpg 2560w, https:\/\/staging.zbt.de\/app\/uploads\/2025\/05\/ZBT-Controlling-300x200.jpg 300w, https:\/\/staging.zbt.de\/app\/uploads\/2025\/05\/ZBT-Controlling-1024x684.jpg 1024w, https:\/\/staging.zbt.de\/app\/uploads\/2025\/05\/ZBT-Controlling-768x513.jpg 768w, https:\/\/staging.zbt.de\/app\/uploads\/2025\/05\/ZBT-Controlling-1536x1025.jpg 1536w, https:\/\/staging.zbt.de\/app\/uploads\/2025\/05\/ZBT-Controlling-2048x1367.jpg 2048w, https:\/\/staging.zbt.de\/app\/uploads\/2025\/05\/ZBT-Controlling-1320x881.jpg 1320w\" sizes=\"auto, (max-width: 2560px) 100vw, 2560px\" \/>\n        <div class=\"flex teaser-grid__overlay teaser-grid__overlay--blue\">\n                    <\/div>\n            <\/figure>\n<\/section>\n<section class=\"teaser-grid teaser-grid--white\"\n    dir=\"rtl\">\n    <div class=\"teaser-grid__content\" dir=\"ltr\">\n        <h2 class=\"teaser-grid__heading\">Department Science Management and Communications<\/h2>\n        <div class=\"teaser-grid__text\"><p>The Science Management and Communications department ensures the high quality of our research, supports scientific career development and coordinates the ZBT&#8217;s public relations work in order to reach various target groups and promote networking with partners from science, industry and society.<\/p>\n<p>Dr. Theresa Schredelseker<br \/>\nHead<br \/>\n+49 203 7598-3357<\/p>\n<p>Henning Winter<br \/>\nPublic Relations<br \/>\n+49 203 7598-3560<\/p>\n<p>Kathrin Myslak<br \/>\nOffice and Event Management<br \/>\n+49 203 7598-2467<\/p>\n<p>Dr. Mar\u00eda D\u00e1vila-Garv\u00edn<br \/>\nScience Management<br \/>\n+49 203 7598-3350<\/p>\n<\/div>\n    <\/div>\n    <figure class=\"teaser-grid__figure\" dir=\"ltr\">\n                                <img loading=\"lazy\" decoding=\"async\" width=\"2560\" height=\"2104\" src=\"https:\/\/staging.zbt.de\/app\/uploads\/2024\/12\/DSC_2513_NVT_crop2-scaled.jpg\" class=\"teaser-grid__image\" alt=\"\" srcset=\"https:\/\/staging.zbt.de\/app\/uploads\/2024\/12\/DSC_2513_NVT_crop2-scaled.jpg 2560w, https:\/\/staging.zbt.de\/app\/uploads\/2024\/12\/DSC_2513_NVT_crop2-300x247.jpg 300w, https:\/\/staging.zbt.de\/app\/uploads\/2024\/12\/DSC_2513_NVT_crop2-1024x842.jpg 1024w, https:\/\/staging.zbt.de\/app\/uploads\/2024\/12\/DSC_2513_NVT_crop2-768x631.jpg 768w, https:\/\/staging.zbt.de\/app\/uploads\/2024\/12\/DSC_2513_NVT_crop2-1536x1262.jpg 1536w, https:\/\/staging.zbt.de\/app\/uploads\/2024\/12\/DSC_2513_NVT_crop2-2048x1683.jpg 2048w, https:\/\/staging.zbt.de\/app\/uploads\/2024\/12\/DSC_2513_NVT_crop2-1320x1085.jpg 1320w\" sizes=\"auto, (max-width: 2560px) 100vw, 2560px\" \/>\n        <div class=\"flex teaser-grid__overlay teaser-grid__overlay--blue\">\n                    <\/div>\n            <\/figure>\n<\/section>\n<div class=\"contact-person contact-person--white\" dir=\"ltr\">\n        <div class=\"contact-person__content\" dir=\"ltr\">\n            <h3 class=\"contact-person__heading\">Head of Commercial Services<\/h3>\n            <div class=\"contact-person__text\"><\/div>\n            <div class=\"flex flex-col gap-1\">\n                <div class=\"contact-person__name\">\n                    Jonas Sudhoff\n                <\/div>\n                            <\/div>\n            <div class=\"flex flex-col gap-2\">\n                <div class=\"flex flex-row items-center gap-2\">\n                    <i><svg class=\"w-4 h-4\" xmlns=\"http:\/\/www.w3.org\/2000\/svg\" fill=\"currentColor\" viewBox=\"0 0 512 512\"><path d=\"M375.8 275.2c-16.4-7-35.4-2.4-46.7 11.4l-33.2 40.6c-46-26.7-84.4-65.1-111.1-111.1L225.3 183c13.8-11.3 18.5-30.3 11.4-46.7l-48-112C181.2 6.7 162.3-3.1 143.6 .9l-112 24C13.2 28.8 0 45.1 0 64v0C0 300.7 183.5 494.5 416 510.9c4.5 .3 9.1 .6 13.7 .8c0 0 0 0 0 0c0 0 0 0 .1 0c6.1 .2 12.1 .4 18.3 .4l0 0c18.9 0 35.2-13.2 39.1-31.6l24-112c4-18.7-5.8-37.6-23.4-45.1l-112-48zM447.7 480C218.1 479.8 32 293.7 32 64v0 0 0 0 0 0 0 0 0 0 0 0 0 0 0 0 0 0 0 0 0 0 0 0c0-3.8 2.6-7 6.3-7.8l112-24c3.7-.8 7.5 1.2 9 4.7l48 112c1.4 3.3 .5 7.1-2.3 9.3l-40.6 33.2c-12.1 9.9-15.3 27.2-7.4 40.8c29.5 50.9 71.9 93.3 122.7 122.7c13.6 7.9 30.9 4.7 40.8-7.4l33.2-40.6c2.3-2.8 6.1-3.7 9.3-2.3l112 48c3.5 1.5 5.5 5.3 4.7 9l-24 112c-.8 3.7-4.1 6.3-7.8 6.3c-.1 0-.2 0-.3 0z\"\/><\/svg><\/i>\n                    <span class=\"contact-person__phone\">+49 203 7598-4226<\/span>\n                <\/div>\n                <div class=\"flex flex-row items-center gap-2\">\n                    <i><svg class=\"w-4 h-4\" xmlns=\"http:\/\/www.w3.org\/2000\/svg\" fill=\"currentColor\" viewBox=\"0 0 640 512\"><!--!Font Awesome Pro 6.7.2 by @fontawesome - https:\/\/fontawesome.com License - https:\/\/fontawesome.com\/license (Commercial License) Copyright 2024 Fonticons, Inc.--><path d=\"M96 384l32-16 96-48 160 0 32 0 0-32 0-256 0-32L384 0 32 0 0 0 0 32 0 288l0 32 32 0 32 0 32 0 0 28.2 0 3.8 0 32zm113.7-92.6L128 332.2l0-12.2 0-32-32 0-64 0L32 32l352 0 0 256-160 0-7.6 0-6.8 3.4zM256 448l32 0 128 0 96 48 32 16 0-32 0-3.8 0-28.2 32 0 32 0 32 0 0-32 0-256 0-32-32 0-160 0 0 32 160 0 0 256-64 0-32 0 0 32 0 12.2-81.7-40.8-6.8-3.4-7.6 0-128 0 0-64-32 0 0 64 0 32z\"\/><\/svg><\/i>\n                    <span class=\"contact-person__email\">\n                        <a href=\"mailto:j.sudhoff@zbt.de\">j.sudhoff@zbt.de<\/a>\n                    <\/span>\n                <\/div>\n            <\/div>\n        <\/div>\n        <figure class=\"contact-person__figure\">\n            <img loading=\"lazy\" decoding=\"async\" width=\"1024\" height=\"684\" src=\"https:\/\/staging.zbt.de\/app\/uploads\/2024\/07\/Jonas-Sudhoff-1024x684.jpg\" class=\"contact-person__image\" alt=\"Portr\u00e4t von Jonas Sudhoff.\" srcset=\"https:\/\/staging.zbt.de\/app\/uploads\/2024\/07\/Jonas-Sudhoff-1024x684.jpg 1024w, https:\/\/staging.zbt.de\/app\/uploads\/2024\/07\/Jonas-Sudhoff-300x200.jpg 300w, https:\/\/staging.zbt.de\/app\/uploads\/2024\/07\/Jonas-Sudhoff-768x513.jpg 768w, https:\/\/staging.zbt.de\/app\/uploads\/2024\/07\/Jonas-Sudhoff-1536x1025.jpg 1536w, https:\/\/staging.zbt.de\/app\/uploads\/2024\/07\/Jonas-Sudhoff-2048x1367.jpg 2048w, https:\/\/staging.zbt.de\/app\/uploads\/2024\/07\/Jonas-Sudhoff-1320x881.jpg 1320w\" sizes=\"auto, (max-width: 1024px) 100vw, 1024px\" \/>\n                                    <a href=\"mailto:j.sudhoff@zbt.de\" target=\"_self\" class=\"contact-person__link\">\n              <div\n                  class=\"flex contact-person__overlay contact-person__overlay--blue\">\n                                <\/div>\n            <\/a>\n        <\/figure>\n    <\/div>\n","protected":false},"excerpt":{"rendered":"<p>The commercial services department supports the smooth running of our R&amp;D projects through personnel management, controlling, accounting, purchasing, science management and communication.<\/p>\n","protected":false},"author":5,"featured_media":0,"parent":10640,"menu_order":0,"comment_status":"closed","ping_status":"closed","template":"","meta":{"_acf_changed":false,"inline_featured_image":false,"footnotes":""},"class_list":["post-11099","page","type-page","status-publish","hentry"],"acf":[],"yoast_head":"<!-- This site is optimized with the Yoast SEO plugin v24.3 - https:\/\/yoast.com\/wordpress\/plugins\/seo\/ -->\n<title>Commercial services - Zentrum f\u00fcr BrennstoffzellenTechnik GmbH<\/title>\n<meta name=\"robots\" content=\"noindex, follow, max-snippet:-1, max-image-preview:large, max-video-preview:-1\" \/>\n<meta property=\"og:locale\" content=\"en_US\" \/>\n<meta property=\"og:type\" content=\"article\" \/>\n<meta property=\"og:title\" content=\"Commercial services - Zentrum f\u00fcr BrennstoffzellenTechnik GmbH\" \/>\n<meta property=\"og:description\" content=\"The commercial services department supports the smooth running of our R&amp;D projects through personnel management, controlling, accounting, purchasing, science management and communication.\" \/>\n<meta property=\"og:url\" content=\"https:\/\/staging.zbt.de\/en\/institute\/departments\/commercial-services\/\" \/>\n<meta property=\"og:site_name\" content=\"Zentrum f\u00fcr BrennstoffzellenTechnik GmbH\" \/>\n<meta property=\"article:modified_time\" content=\"2025-07-31T15:19:57+00:00\" \/>\n<meta name=\"twitter:card\" content=\"summary_large_image\" \/>\n<script type=\"application\/ld+json\" class=\"yoast-schema-graph\">{\"@context\":\"https:\/\/schema.org\",\"@graph\":[{\"@type\":\"WebPage\",\"@id\":\"https:\/\/staging.zbt.de\/en\/institute\/departments\/commercial-services\/\",\"url\":\"https:\/\/staging.zbt.de\/en\/institute\/departments\/commercial-services\/\",\"name\":\"Commercial services - Zentrum f\u00fcr BrennstoffzellenTechnik GmbH\",\"isPartOf\":{\"@id\":\"https:\/\/staging.zbt.de\/en\/#website\"},\"datePublished\":\"2024-10-17T13:12:19+00:00\",\"dateModified\":\"2025-07-31T15:19:57+00:00\",\"breadcrumb\":{\"@id\":\"https:\/\/staging.zbt.de\/en\/institute\/departments\/commercial-services\/#breadcrumb\"},\"inLanguage\":\"en-US\",\"potentialAction\":[{\"@type\":\"ReadAction\",\"target\":[\"https:\/\/staging.zbt.de\/en\/institute\/departments\/commercial-services\/\"]}]},{\"@type\":\"BreadcrumbList\",\"@id\":\"https:\/\/staging.zbt.de\/en\/institute\/departments\/commercial-services\/#breadcrumb\",\"itemListElement\":[{\"@type\":\"ListItem\",\"position\":1,\"name\":\"Home\",\"item\":\"https:\/\/staging.zbt.de\/en\/\"},{\"@type\":\"ListItem\",\"position\":2,\"name\":\"Institute\",\"item\":\"https:\/\/staging.zbt.de\/en\/institute\/\"},{\"@type\":\"ListItem\",\"position\":3,\"name\":\"Departments\",\"item\":\"https:\/\/staging.zbt.de\/en\/institute\/departments\/\"},{\"@type\":\"ListItem\",\"position\":4,\"name\":\"Commercial services\"}]},{\"@type\":\"WebSite\",\"@id\":\"https:\/\/staging.zbt.de\/en\/#website\",\"url\":\"https:\/\/staging.zbt.de\/en\/\",\"name\":\"Zentrum f\u00fcr BrennstoffzellenTechnik GmbH\",\"description\":\"\",\"potentialAction\":[{\"@type\":\"SearchAction\",\"target\":{\"@type\":\"EntryPoint\",\"urlTemplate\":\"https:\/\/staging.zbt.de\/en\/?s={search_term_string}\"},\"query-input\":{\"@type\":\"PropertyValueSpecification\",\"valueRequired\":true,\"valueName\":\"search_term_string\"}}],\"inLanguage\":\"en-US\"}]}<\/script>\n<!-- \/ Yoast SEO plugin. -->","yoast_head_json":{"title":"Commercial services - Zentrum f\u00fcr BrennstoffzellenTechnik GmbH","robots":{"index":"noindex","follow":"follow","max-snippet":"max-snippet:-1","max-image-preview":"max-image-preview:large","max-video-preview":"max-video-preview:-1"},"og_locale":"en_US","og_type":"article","og_title":"Commercial services - Zentrum f\u00fcr BrennstoffzellenTechnik GmbH","og_description":"The commercial services department supports the smooth running of our R&amp;D projects through personnel management, controlling, accounting, purchasing, science management and communication.","og_url":"https:\/\/staging.zbt.de\/en\/institute\/departments\/commercial-services\/","og_site_name":"Zentrum f\u00fcr BrennstoffzellenTechnik GmbH","article_modified_time":"2025-07-31T15:19:57+00:00","twitter_card":"summary_large_image","schema":{"@context":"https:\/\/schema.org","@graph":[{"@type":"WebPage","@id":"https:\/\/staging.zbt.de\/en\/institute\/departments\/commercial-services\/","url":"https:\/\/staging.zbt.de\/en\/institute\/departments\/commercial-services\/","name":"Commercial services - Zentrum f\u00fcr BrennstoffzellenTechnik GmbH","isPartOf":{"@id":"https:\/\/staging.zbt.de\/en\/#website"},"datePublished":"2024-10-17T13:12:19+00:00","dateModified":"2025-07-31T15:19:57+00:00","breadcrumb":{"@id":"https:\/\/staging.zbt.de\/en\/institute\/departments\/commercial-services\/#breadcrumb"},"inLanguage":"en-US","potentialAction":[{"@type":"ReadAction","target":["https:\/\/staging.zbt.de\/en\/institute\/departments\/commercial-services\/"]}]},{"@type":"BreadcrumbList","@id":"https:\/\/staging.zbt.de\/en\/institute\/departments\/commercial-services\/#breadcrumb","itemListElement":[{"@type":"ListItem","position":1,"name":"Home","item":"https:\/\/staging.zbt.de\/en\/"},{"@type":"ListItem","position":2,"name":"Institute","item":"https:\/\/staging.zbt.de\/en\/institute\/"},{"@type":"ListItem","position":3,"name":"Departments","item":"https:\/\/staging.zbt.de\/en\/institute\/departments\/"},{"@type":"ListItem","position":4,"name":"Commercial services"}]},{"@type":"WebSite","@id":"https:\/\/staging.zbt.de\/en\/#website","url":"https:\/\/staging.zbt.de\/en\/","name":"Zentrum f\u00fcr BrennstoffzellenTechnik GmbH","description":"","potentialAction":[{"@type":"SearchAction","target":{"@type":"EntryPoint","urlTemplate":"https:\/\/staging.zbt.de\/en\/?s={search_term_string}"},"query-input":{"@type":"PropertyValueSpecification","valueRequired":true,"valueName":"search_term_string"}}],"inLanguage":"en-US"}]}},"_links":{"self":[{"href":"https:\/\/staging.zbt.de\/en\/wp-json\/wp\/v2\/pages\/11099","targetHints":{"allow":["GET"]}}],"collection":[{"href":"https:\/\/staging.zbt.de\/en\/wp-json\/wp\/v2\/pages"}],"about":[{"href":"https:\/\/staging.zbt.de\/en\/wp-json\/wp\/v2\/types\/page"}],"author":[{"embeddable":true,"href":"https:\/\/staging.zbt.de\/en\/wp-json\/wp\/v2\/users\/5"}],"replies":[{"embeddable":true,"href":"https:\/\/staging.zbt.de\/en\/wp-json\/wp\/v2\/comments?post=11099"}],"version-history":[{"count":1,"href":"https:\/\/staging.zbt.de\/en\/wp-json\/wp\/v2\/pages\/11099\/revisions"}],"predecessor-version":[{"id":11100,"href":"https:\/\/staging.zbt.de\/en\/wp-json\/wp\/v2\/pages\/11099\/revisions\/11100"}],"up":[{"embeddable":true,"href":"https:\/\/staging.zbt.de\/en\/wp-json\/wp\/v2\/pages\/10640"}],"wp:attachment":[{"href":"https:\/\/staging.zbt.de\/en\/wp-json\/wp\/v2\/media?parent=11099"}],"curies":[{"name":"wp","href":"https:\/\/api.w.org\/{rel}","templated":true}]}}